{"id":465,"date":"2018-05-08T09:05:07","date_gmt":"2018-05-08T09:05:07","guid":{"rendered":"https:\/\/www.emmera.be\/mra\/?page_id=465"},"modified":"2018-05-08T09:58:36","modified_gmt":"2018-05-08T09:58:36","slug":"analyse-de-securite-fournisseur","status":"publish","type":"page","link":"https:\/\/www.emmera.be\/mra\/index.php\/fr\/analyse-de-securite-fournisseur\/","title":{"rendered":"Analyse de s\u00e9curit\u00e9 fournisseur"},"content":{"rendered":"<h2>Evaluation de s\u00e9curit\u00e9 fournisseurs<\/h2>\n<p>Votre entreprise fait tr\u00e8s probablement des affaires avec de nombreux partenaires, fournisseurs et autres tiers &#8211; et vous avez peu de visibilit\u00e9 sur la fa\u00e7on dont ils se s\u00e9curisent, ou ce qu&#8217;ils pourraient faire avec les donn\u00e9es pr\u00e9cieuses que vous leur confiez. Il est temps de faire un TPSA (Third Party Security Assessment)<\/p>\n<p>Avant de confier des donn\u00e9es sensibles \u00e0 un tiers, votre entreprise doit s&#8217;assurer que le partenaire peut et va les prot\u00e9ger des attaques.<\/p>\n<p>Ces pr\u00e9cautions sont importantes, non seulement pour \u00e9viter les fuites accidentelles de donn\u00e9es sensibles de vos clients, mais aussi pour emp\u00eacher des attaques plus d\u00e9lib\u00e9r\u00e9es.\u00a0 Des pirates pourraient exploiter des mesures de s\u00e9curit\u00e9 inad\u00e9quates chez des partenaires en lesquels vous avez confiance afin de p\u00e9n\u00e9trer dans les entreprises.<\/p>\n<p>Si votre partenaire est pirat\u00e9, et qu&#8217;il g\u00e8re vos donn\u00e9es, ce sera votre nom qui appara\u00eetra dans la presse.<\/p>\n<figure id=\"attachment_354\" aria-describedby=\"caption-attachment-354\" style=\"width: 300px\" class=\"wp-caption aligncenter\"><img loading=\"lazy\" decoding=\"async\" class=\"wp-image-354 size-medium\" src=\"https:\/\/www.emmera.be\/mra\/wp-content\/uploads\/2018\/03\/risk-assessment-2-300x124.jpg\" alt=\"Third Party Security Assessment (TPSA)\" width=\"300\" height=\"124\" srcset=\"https:\/\/www.emmera.be\/mra\/wp-content\/uploads\/2018\/03\/risk-assessment-2-300x124.jpg 300w, https:\/\/www.emmera.be\/mra\/wp-content\/uploads\/2018\/03\/risk-assessment-2.jpg 487w\" sizes=\"auto, (max-width: 300px) 100vw, 300px\" \/><figcaption id=\"caption-attachment-354\" class=\"wp-caption-text\">Security Risk Assessment<\/figcaption><\/figure>\n<p>De plus, avec l&#8217;entr\u00e9e en vigueur du <a href=\"https:\/\/www.emmera.be\/mra\/index.php\/fr\/vie-privee-data-protection-gdpr\/\">GDPR<\/a>, les entreprises sont d\u00e9sormais tenues de v\u00e9rifier la s\u00e9curit\u00e9 et les capacit\u00e9s de confidentialit\u00e9 de leurs fournisseurs ou partenaires.<\/p>\n<h2>Evaluation de s\u00e9curit\u00e9 d&#8217;un tiers : Third Party Security Assessment &#8211; TPSA<\/h2>\n<p>Quand devriez-vous demander \u00e0 un partenaire \/ fournisseur de passer une \u00e9valuation de s\u00e9curit\u00e9?<\/p>\n<p>\u2022 Si il doit se connecter \u00e0 votre r\u00e9seau informatique<\/p>\n<p>\u2022 Si il traite des donn\u00e9es personnelles pour vous<\/p>\n<p>\u2022 Lorsque ce tiers d\u00e9veloppe des logiciels ou des solutions informatiques pour vous.\u00a0 Lorsqu&#8217;il cr\u00e9e ou maintient un\u00a0site Web pour vous, certainement si ce site Web ou ce logiciel traite des donn\u00e9es priv\u00e9es ou\u00a0 fait du commerce \u00e9lectronique.<\/p>\n<p>\u2022 Vous envoyez des donn\u00e9e (de votre entreprise ou de vos clients) \u00e0 un fournisseur<\/p>\n<p>\u2022 \u2026<\/p>\n<p>Toutes les entreprises ne se soucient pas autant de la s\u00e9curit\u00e9 et de la confidentialit\u00e9 que\u00a0 votre entreprise. Soyez prudent lorsque vous choisissez vos partenaires car, en fin de compte, vos clients ne se soucient pas vraiment de savoir si c&#8217;est vous ou un tiers qui a n\u00e9glig\u00e9 la s\u00e9curit\u00e9 de leurs donn\u00e9es. Ce dont ils se soucient, c&#8217;est que c&#8217;est \u00e0 vous qu&#8217;ils ont confi\u00e9 leurs donn\u00e9es<\/p>\n<p>Nous proposons diff\u00e9rents types d&#8217;\u00e9valuation de la s\u00e9curit\u00e9, mais nous les adapterons toujours \u00e0 vos besoins. Nous pouvons \u00e9galement concevoir une \u00e9valuation de s\u00e9curit\u00e9 faite sur mesure.<\/p>\n<p>N&#8217;attendez pas pour nous <a href=\"https:\/\/www.emmera.be\/mra\/index.php\/fr\/contactez-nous\/\" target=\"_blank\" rel=\"noopener\">contacter<\/a> pour plus d&#8217;informations et \/ ou un devis.<\/p>\n","protected":false},"excerpt":{"rendered":"<p>Evaluation de s\u00e9curit\u00e9 fournisseurs Votre entreprise fait tr\u00e8s probablement des affaires avec de nombreux partenaires, fournisseurs et autres tiers &#8211; et vous avez peu de visibilit\u00e9 sur la fa\u00e7on dont ils se s\u00e9curisent, ou ce qu&#8217;ils pourraient faire avec les donn\u00e9es pr\u00e9cieuses que vous leur confiez. Il est temps de faire un TPSA (Third Party &hellip; <\/p>\n<p class=\"link-more\"><a href=\"https:\/\/www.emmera.be\/mra\/index.php\/fr\/analyse-de-securite-fournisseur\/\" class=\"more-link\">Continue reading<span class=\"screen-reader-text\"> &#8220;Analyse de s\u00e9curit\u00e9 fournisseur&#8221;<\/span><\/a><\/p>\n","protected":false},"author":1,"featured_media":0,"parent":0,"menu_order":0,"comment_status":"closed","ping_status":"closed","template":"","meta":{"jetpack_post_was_ever_published":false,"footnotes":""},"class_list":["post-465","page","type-page","status-publish","hentry"],"yoast_head":"<!-- This site is optimized with the Yoast SEO plugin v24.9 - https:\/\/yoast.com\/wordpress\/plugins\/seo\/ -->\n<title>Analyse de s\u00e9curit\u00e9 tiers et fournisseurs - Third Party Security Assessment<\/title>\n<meta name=\"description\" content=\"Ne transf\u00e9rez pas vos donn\u00e9es \u00e0 n&#039;importe qui. Ne laissez pas n&#039;importe quelle entreprise se connecter \u00e0 votre r\u00e9seau. Analysez leur niveau de s\u00e9curit\u00e9 AVANT ! Restez conforme au GDPR et v\u00e9rifiez la s\u00e9curit\u00e9 que vos fournisseurs et sous-traitant mettent en place. faites un Security Assessment.\" \/>\n<meta name=\"robots\" content=\"index, follow, max-snippet:-1, max-image-preview:large, max-video-preview:-1\" \/>\n<link rel=\"canonical\" href=\"https:\/\/www.emmera.be\/mra\/index.php\/fr\/analyse-de-securite-fournisseur\/\" \/>\n<meta property=\"og:locale\" content=\"en_GB\" \/>\n<meta property=\"og:type\" content=\"article\" \/>\n<meta property=\"og:title\" content=\"Analyse de s\u00e9curit\u00e9 tiers et fournisseurs - Third Party Security Assessment\" \/>\n<meta property=\"og:description\" content=\"Ne transf\u00e9rez pas vos donn\u00e9es \u00e0 n&#039;importe qui. Ne laissez pas n&#039;importe quelle entreprise se connecter \u00e0 votre r\u00e9seau. Analysez leur niveau de s\u00e9curit\u00e9 AVANT ! Restez conforme au GDPR et v\u00e9rifiez la s\u00e9curit\u00e9 que vos fournisseurs et sous-traitant mettent en place. faites un Security Assessment.\" \/>\n<meta property=\"og:url\" content=\"https:\/\/www.emmera.be\/mra\/index.php\/fr\/analyse-de-securite-fournisseur\/\" \/>\n<meta property=\"og:site_name\" content=\"EMMERA\" \/>\n<meta property=\"article:modified_time\" content=\"2018-05-08T09:58:36+00:00\" \/>\n<meta property=\"og:image\" content=\"https:\/\/www.emmera.be\/mra\/wp-content\/uploads\/2018\/03\/risk-assessment-2-300x124.jpg\" \/>\n<meta name=\"twitter:card\" content=\"summary_large_image\" \/>\n<meta name=\"twitter:label1\" content=\"Estimated reading time\" \/>\n\t<meta name=\"twitter:data1\" content=\"2 minutes\" \/>\n<script type=\"application\/ld+json\" class=\"yoast-schema-graph\">{\"@context\":\"https:\/\/schema.org\",\"@graph\":[{\"@type\":\"WebPage\",\"@id\":\"https:\/\/www.emmera.be\/mra\/index.php\/fr\/analyse-de-securite-fournisseur\/\",\"url\":\"https:\/\/www.emmera.be\/mra\/index.php\/fr\/analyse-de-securite-fournisseur\/\",\"name\":\"Analyse de s\u00e9curit\u00e9 tiers et fournisseurs - Third Party Security Assessment\",\"isPartOf\":{\"@id\":\"https:\/\/www.emmera.be\/mra\/#website\"},\"primaryImageOfPage\":{\"@id\":\"https:\/\/www.emmera.be\/mra\/index.php\/fr\/analyse-de-securite-fournisseur\/#primaryimage\"},\"image\":{\"@id\":\"https:\/\/www.emmera.be\/mra\/index.php\/fr\/analyse-de-securite-fournisseur\/#primaryimage\"},\"thumbnailUrl\":\"https:\/\/www.emmera.be\/mra\/wp-content\/uploads\/2018\/03\/risk-assessment-2-300x124.jpg\",\"datePublished\":\"2018-05-08T09:05:07+00:00\",\"dateModified\":\"2018-05-08T09:58:36+00:00\",\"description\":\"Ne transf\u00e9rez pas vos donn\u00e9es \u00e0 n'importe qui. Ne laissez pas n'importe quelle entreprise se connecter \u00e0 votre r\u00e9seau. Analysez leur niveau de s\u00e9curit\u00e9 AVANT ! Restez conforme au GDPR et v\u00e9rifiez la s\u00e9curit\u00e9 que vos fournisseurs et sous-traitant mettent en place. faites un Security Assessment.\",\"breadcrumb\":{\"@id\":\"https:\/\/www.emmera.be\/mra\/index.php\/fr\/analyse-de-securite-fournisseur\/#breadcrumb\"},\"inLanguage\":\"en-GB\",\"potentialAction\":[{\"@type\":\"ReadAction\",\"target\":[\"https:\/\/www.emmera.be\/mra\/index.php\/fr\/analyse-de-securite-fournisseur\/\"]}]},{\"@type\":\"ImageObject\",\"inLanguage\":\"en-GB\",\"@id\":\"https:\/\/www.emmera.be\/mra\/index.php\/fr\/analyse-de-securite-fournisseur\/#primaryimage\",\"url\":\"https:\/\/www.emmera.be\/mra\/wp-content\/uploads\/2018\/03\/risk-assessment-2.jpg\",\"contentUrl\":\"https:\/\/www.emmera.be\/mra\/wp-content\/uploads\/2018\/03\/risk-assessment-2.jpg\",\"width\":487,\"height\":201},{\"@type\":\"BreadcrumbList\",\"@id\":\"https:\/\/www.emmera.be\/mra\/index.php\/fr\/analyse-de-securite-fournisseur\/#breadcrumb\",\"itemListElement\":[{\"@type\":\"ListItem\",\"position\":1,\"name\":\"Home\",\"item\":\"https:\/\/www.emmera.be\/mra\/\"},{\"@type\":\"ListItem\",\"position\":2,\"name\":\"Analyse de s\u00e9curit\u00e9 fournisseur\"}]},{\"@type\":\"WebSite\",\"@id\":\"https:\/\/www.emmera.be\/mra\/#website\",\"url\":\"https:\/\/www.emmera.be\/mra\/\",\"name\":\"EMMERA\",\"description\":\"Security Risk Data Protection\",\"publisher\":{\"@id\":\"https:\/\/www.emmera.be\/mra\/#organization\"},\"potentialAction\":[{\"@type\":\"SearchAction\",\"target\":{\"@type\":\"EntryPoint\",\"urlTemplate\":\"https:\/\/www.emmera.be\/mra\/?s={search_term_string}\"},\"query-input\":{\"@type\":\"PropertyValueSpecification\",\"valueRequired\":true,\"valueName\":\"search_term_string\"}}],\"inLanguage\":\"en-GB\"},{\"@type\":\"Organization\",\"@id\":\"https:\/\/www.emmera.be\/mra\/#organization\",\"name\":\"Emmera\",\"url\":\"https:\/\/www.emmera.be\/mra\/\",\"logo\":{\"@type\":\"ImageObject\",\"inLanguage\":\"en-GB\",\"@id\":\"https:\/\/www.emmera.be\/mra\/#\/schema\/logo\/image\/\",\"url\":\"https:\/\/www.emmera.be\/mra\/wp-content\/uploads\/2017\/09\/Emmera.png\",\"contentUrl\":\"https:\/\/www.emmera.be\/mra\/wp-content\/uploads\/2017\/09\/Emmera.png\",\"width\":361,\"height\":127,\"caption\":\"Emmera\"},\"image\":{\"@id\":\"https:\/\/www.emmera.be\/mra\/#\/schema\/logo\/image\/\"}}]}<\/script>\n<!-- \/ Yoast SEO plugin. -->","yoast_head_json":{"title":"Analyse de s\u00e9curit\u00e9 tiers et fournisseurs - Third Party Security Assessment","description":"Ne transf\u00e9rez pas vos donn\u00e9es \u00e0 n'importe qui. Ne laissez pas n'importe quelle entreprise se connecter \u00e0 votre r\u00e9seau. Analysez leur niveau de s\u00e9curit\u00e9 AVANT ! Restez conforme au GDPR et v\u00e9rifiez la s\u00e9curit\u00e9 que vos fournisseurs et sous-traitant mettent en place. faites un Security Assessment.","robots":{"index":"index","follow":"follow","max-snippet":"max-snippet:-1","max-image-preview":"max-image-preview:large","max-video-preview":"max-video-preview:-1"},"canonical":"https:\/\/www.emmera.be\/mra\/index.php\/fr\/analyse-de-securite-fournisseur\/","og_locale":"en_GB","og_type":"article","og_title":"Analyse de s\u00e9curit\u00e9 tiers et fournisseurs - Third Party Security Assessment","og_description":"Ne transf\u00e9rez pas vos donn\u00e9es \u00e0 n'importe qui. Ne laissez pas n'importe quelle entreprise se connecter \u00e0 votre r\u00e9seau. Analysez leur niveau de s\u00e9curit\u00e9 AVANT ! Restez conforme au GDPR et v\u00e9rifiez la s\u00e9curit\u00e9 que vos fournisseurs et sous-traitant mettent en place. faites un Security Assessment.","og_url":"https:\/\/www.emmera.be\/mra\/index.php\/fr\/analyse-de-securite-fournisseur\/","og_site_name":"EMMERA","article_modified_time":"2018-05-08T09:58:36+00:00","og_image":[{"url":"https:\/\/www.emmera.be\/mra\/wp-content\/uploads\/2018\/03\/risk-assessment-2-300x124.jpg","type":"","width":"","height":""}],"twitter_card":"summary_large_image","twitter_misc":{"Estimated reading time":"2 minutes"},"schema":{"@context":"https:\/\/schema.org","@graph":[{"@type":"WebPage","@id":"https:\/\/www.emmera.be\/mra\/index.php\/fr\/analyse-de-securite-fournisseur\/","url":"https:\/\/www.emmera.be\/mra\/index.php\/fr\/analyse-de-securite-fournisseur\/","name":"Analyse de s\u00e9curit\u00e9 tiers et fournisseurs - Third Party Security Assessment","isPartOf":{"@id":"https:\/\/www.emmera.be\/mra\/#website"},"primaryImageOfPage":{"@id":"https:\/\/www.emmera.be\/mra\/index.php\/fr\/analyse-de-securite-fournisseur\/#primaryimage"},"image":{"@id":"https:\/\/www.emmera.be\/mra\/index.php\/fr\/analyse-de-securite-fournisseur\/#primaryimage"},"thumbnailUrl":"https:\/\/www.emmera.be\/mra\/wp-content\/uploads\/2018\/03\/risk-assessment-2-300x124.jpg","datePublished":"2018-05-08T09:05:07+00:00","dateModified":"2018-05-08T09:58:36+00:00","description":"Ne transf\u00e9rez pas vos donn\u00e9es \u00e0 n'importe qui. Ne laissez pas n'importe quelle entreprise se connecter \u00e0 votre r\u00e9seau. Analysez leur niveau de s\u00e9curit\u00e9 AVANT ! Restez conforme au GDPR et v\u00e9rifiez la s\u00e9curit\u00e9 que vos fournisseurs et sous-traitant mettent en place. faites un Security Assessment.","breadcrumb":{"@id":"https:\/\/www.emmera.be\/mra\/index.php\/fr\/analyse-de-securite-fournisseur\/#breadcrumb"},"inLanguage":"en-GB","potentialAction":[{"@type":"ReadAction","target":["https:\/\/www.emmera.be\/mra\/index.php\/fr\/analyse-de-securite-fournisseur\/"]}]},{"@type":"ImageObject","inLanguage":"en-GB","@id":"https:\/\/www.emmera.be\/mra\/index.php\/fr\/analyse-de-securite-fournisseur\/#primaryimage","url":"https:\/\/www.emmera.be\/mra\/wp-content\/uploads\/2018\/03\/risk-assessment-2.jpg","contentUrl":"https:\/\/www.emmera.be\/mra\/wp-content\/uploads\/2018\/03\/risk-assessment-2.jpg","width":487,"height":201},{"@type":"BreadcrumbList","@id":"https:\/\/www.emmera.be\/mra\/index.php\/fr\/analyse-de-securite-fournisseur\/#breadcrumb","itemListElement":[{"@type":"ListItem","position":1,"name":"Home","item":"https:\/\/www.emmera.be\/mra\/"},{"@type":"ListItem","position":2,"name":"Analyse de s\u00e9curit\u00e9 fournisseur"}]},{"@type":"WebSite","@id":"https:\/\/www.emmera.be\/mra\/#website","url":"https:\/\/www.emmera.be\/mra\/","name":"EMMERA","description":"Security Risk Data Protection","publisher":{"@id":"https:\/\/www.emmera.be\/mra\/#organization"},"potentialAction":[{"@type":"SearchAction","target":{"@type":"EntryPoint","urlTemplate":"https:\/\/www.emmera.be\/mra\/?s={search_term_string}"},"query-input":{"@type":"PropertyValueSpecification","valueRequired":true,"valueName":"search_term_string"}}],"inLanguage":"en-GB"},{"@type":"Organization","@id":"https:\/\/www.emmera.be\/mra\/#organization","name":"Emmera","url":"https:\/\/www.emmera.be\/mra\/","logo":{"@type":"ImageObject","inLanguage":"en-GB","@id":"https:\/\/www.emmera.be\/mra\/#\/schema\/logo\/image\/","url":"https:\/\/www.emmera.be\/mra\/wp-content\/uploads\/2017\/09\/Emmera.png","contentUrl":"https:\/\/www.emmera.be\/mra\/wp-content\/uploads\/2017\/09\/Emmera.png","width":361,"height":127,"caption":"Emmera"},"image":{"@id":"https:\/\/www.emmera.be\/mra\/#\/schema\/logo\/image\/"}}]}},"jetpack_sharing_enabled":true,"jetpack_shortlink":"https:\/\/wp.me\/P9bOTr-7v","_links":{"self":[{"href":"https:\/\/www.emmera.be\/mra\/index.php\/wp-json\/wp\/v2\/pages\/465","targetHints":{"allow":["GET"]}}],"collection":[{"href":"https:\/\/www.emmera.be\/mra\/index.php\/wp-json\/wp\/v2\/pages"}],"about":[{"href":"https:\/\/www.emmera.be\/mra\/index.php\/wp-json\/wp\/v2\/types\/page"}],"author":[{"embeddable":true,"href":"https:\/\/www.emmera.be\/mra\/index.php\/wp-json\/wp\/v2\/users\/1"}],"replies":[{"embeddable":true,"href":"https:\/\/www.emmera.be\/mra\/index.php\/wp-json\/wp\/v2\/comments?post=465"}],"version-history":[{"count":1,"href":"https:\/\/www.emmera.be\/mra\/index.php\/wp-json\/wp\/v2\/pages\/465\/revisions"}],"predecessor-version":[{"id":466,"href":"https:\/\/www.emmera.be\/mra\/index.php\/wp-json\/wp\/v2\/pages\/465\/revisions\/466"}],"wp:attachment":[{"href":"https:\/\/www.emmera.be\/mra\/index.php\/wp-json\/wp\/v2\/media?parent=465"}],"curies":[{"name":"wp","href":"https:\/\/api.w.org\/{rel}","templated":true}]}}