{"id":478,"date":"2018-05-08T12:03:27","date_gmt":"2018-05-08T12:03:27","guid":{"rendered":"https:\/\/www.emmera.be\/mra\/?page_id=478"},"modified":"2018-05-08T13:06:23","modified_gmt":"2018-05-08T13:06:23","slug":"security-risk-management-2","status":"publish","type":"page","link":"https:\/\/www.emmera.be\/mra\/index.php\/fr\/security-risk-management-2\/","title":{"rendered":"Securit\u00e9 et gestion des risques"},"content":{"rendered":"<p>Information Security &#8211; S\u00e9curit\u00e9 de l&#8217;information<\/p>\n<p>La s\u00e9curit\u00e9 de l&#8217;information, qui comprend la cybers\u00e9curit\u00e9, est un \u00e9l\u00e9ment essentiel de la gestion d&#8217;entreprise. Des grandes entreprises aux petites et moyennes , toutes ont besoin de s\u00e9curiser leur syst\u00e8me d&#8217;information et de s\u00e9curiser leurs informations.<\/p>\n<h2>Chaque jour en Belgique, des entreprises sont pirat\u00e9es ou subissent des probl\u00e8mes de s\u00e9curit\u00e9<\/h2>\n<p>L&#8217;an pass\u00e9, plus de 2\/3 des entreprises belges ont \u00e9t\u00e9 victimes de cybercriminalit\u00e9.<\/p>\n<figure id=\"attachment_33\" aria-describedby=\"caption-attachment-33\" style=\"width: 300px\" class=\"wp-caption aligncenter\"><img loading=\"lazy\" decoding=\"async\" class=\"wp-image-33 size-medium\" style=\"font-size: 1rem;\" src=\"http:\/\/www.emmera.be\/mra\/wp-content\/uploads\/2017\/09\/cyberattack-300x157.jpg\" alt=\"Information Security\" width=\"300\" height=\"157\" srcset=\"https:\/\/www.emmera.be\/mra\/wp-content\/uploads\/2017\/09\/cyberattack-300x157.jpg 300w, https:\/\/www.emmera.be\/mra\/wp-content\/uploads\/2017\/09\/cyberattack.jpg 600w\" sizes=\"auto, (max-width: 300px) 100vw, 300px\" \/><figcaption id=\"caption-attachment-33\" class=\"wp-caption-text\">Cyber Security<\/figcaption><\/figure>\n<p>En 2016, 9% des entreprises attaqu\u00e9es ont subi un co\u00fbt financier d&#8217;au moins 10.000 \u20ac<\/p>\n<p>Selon des<a href=\"https:\/\/www.friedmanllp.com\/services\/cyber-security\" target=\"_blank\" rel=\"noopener\"> rapports r\u00e9cents<\/a>, plus de 40% des cyberattaques ciblent des entreprises de moins de 500 employ\u00e9s. Des \u00e9tudes plus inqui\u00e9tantes montrent que les pirates attaquent une petite entreprise sur 5. Dans la plupart des cas, ces entreprises ferment leurs portes parce que leurs plans de s\u00e9curit\u00e9 n&#8217;existent pas ou qu&#8217;il y a un \u00e9norme manque dans la protection.<\/p>\n<p>&nbsp;<\/p>\n<p>Nos consultants ont une grande exp\u00e9rience (plus de 20 ans) dans ce domaine. Nous pouvons vous aider dans un large \u00e9ventail de services.<\/p>\n<ul>\n<li>Mise en place d&#8217;un syst\u00e8me de gestion de s\u00e9curit\u00e9 de l&#8217;information<\/li>\n<li>Politiques<\/li>\n<li>Strat\u00e9gie &#8211; programme<\/li>\n<li>\u00c9valuation de s\u00e9curit\u00e9<\/li>\n<li>Interim Management &#8211; RSSI &#8211; CISO<\/li>\n<li>\u00c9valuation des risques et <a href=\"https:\/\/www.emmera.be\/mra\/index.php\/fr\/analyse-de-securite-fournisseur\/\" target=\"_blank\" rel=\"noopener\">\u00e9valuation des fournisseurs et tiers<\/a><\/li>\n<li>CISO as a service<\/li>\n<\/ul>\n<h2>Notre approche :<\/h2>\n<p>Chez Emmera, nous travaillons par une approche bas\u00e9e sur le risque, afin de couvrir les risques auxquels votre entreprise est expos\u00e9e. Nous vous proposons donc une solution pragmatique, sp\u00e9cialement adapt\u00e9e \u00e0 vos besoins et vous aidant \u00e0 mettre en \u0153uvre votre programme et votre culture de s\u00e9curit\u00e9.<\/p>\n<p>Emmera ne vend aucun produit et nous sommes compl\u00e8tement ind\u00e9pendants.<\/p>\n<figure id=\"attachment_267\" aria-describedby=\"caption-attachment-267\" style=\"width: 300px\" class=\"wp-caption alignnone\"><img loading=\"lazy\" decoding=\"async\" class=\"wp-image-267 size-medium\" src=\"http:\/\/www.emmera.be\/mra\/wp-content\/uploads\/2018\/03\/cyber-security-01-300x206.jpg\" alt=\"cyber security\" width=\"300\" height=\"206\" srcset=\"https:\/\/www.emmera.be\/mra\/wp-content\/uploads\/2018\/03\/cyber-security-01-300x206.jpg 300w, https:\/\/www.emmera.be\/mra\/wp-content\/uploads\/2018\/03\/cyber-security-01-768x528.jpg 768w, https:\/\/www.emmera.be\/mra\/wp-content\/uploads\/2018\/03\/cyber-security-01-1024x704.jpg 1024w, https:\/\/www.emmera.be\/mra\/wp-content\/uploads\/2018\/03\/cyber-security-01.jpg 1200w\" sizes=\"auto, (max-width: 300px) 100vw, 300px\" \/><figcaption id=\"caption-attachment-267\" class=\"wp-caption-text\">Information security management consulting<\/figcaption><\/figure>\n<h2>Nos Clients<\/h2>\n<p>Nous fournissons des services aux entreprises de tous les secteurs: Public, transport, finance, industrie, commerce, droit &#8230;<\/p>\n<p>Nous travaillons aussi bien pour les PME que pour les grandes entreprises, toujours de mani\u00e8re tr\u00e8s pragmatique et en fournissant des services de haute qualit\u00e9.<\/p>\n<p>N&#8217;attendez pas d&#8217;\u00eatre pirat\u00e9 pour commencer \u00e0 prot\u00e9ger votre entreprise!<\/p>\n<p><a href=\"https:\/\/www.emmera.be\/mra\/index.php\/fr\/contactez-nous\/\" target=\"_blank\" rel=\"noopener\">Contactez-nous<\/a> pour plus d&#8217;informations<\/p>\n","protected":false},"excerpt":{"rendered":"<p>Information Security &#8211; S\u00e9curit\u00e9 de l&#8217;information La s\u00e9curit\u00e9 de l&#8217;information, qui comprend la cybers\u00e9curit\u00e9, est un \u00e9l\u00e9ment essentiel de la gestion d&#8217;entreprise. Des grandes entreprises aux petites et moyennes , toutes ont besoin de s\u00e9curiser leur syst\u00e8me d&#8217;information et de s\u00e9curiser leurs informations. Chaque jour en Belgique, des entreprises sont pirat\u00e9es ou subissent des probl\u00e8mes &hellip; <\/p>\n<p class=\"link-more\"><a href=\"https:\/\/www.emmera.be\/mra\/index.php\/fr\/security-risk-management-2\/\" class=\"more-link\">Continue reading<span class=\"screen-reader-text\"> &#8220;Securit\u00e9 et gestion des risques&#8221;<\/span><\/a><\/p>\n","protected":false},"author":1,"featured_media":0,"parent":0,"menu_order":0,"comment_status":"closed","ping_status":"closed","template":"","meta":{"footnotes":""},"class_list":["post-478","page","type-page","status-publish","hentry"],"yoast_head":"<!-- This site is optimized with the Yoast SEO plugin v24.9 - https:\/\/yoast.com\/wordpress\/plugins\/seo\/ -->\n<title>Information Security and Risk Management - Cybersecurity<\/title>\n<meta name=\"description\" content=\"Information Security - Cybersecurity and risk management en Belgique, Wallonie et Flandre. Programme de s\u00e9curit\u00e9, gestion, Interim Management, CISO as a Service. Emmera expert en s\u00e9curit\u00e9 de l&#039;information (cybers\u00e9curit\u00e9 incluse) depuis plus de 20 ans.\" \/>\n<meta name=\"robots\" content=\"index, follow, max-snippet:-1, max-image-preview:large, max-video-preview:-1\" \/>\n<link rel=\"canonical\" href=\"https:\/\/www.emmera.be\/mra\/index.php\/fr\/security-risk-management-2\/\" \/>\n<meta property=\"og:locale\" content=\"en_GB\" \/>\n<meta property=\"og:type\" content=\"article\" \/>\n<meta property=\"og:title\" content=\"Information Security and Risk Management - Cybersecurity\" \/>\n<meta property=\"og:description\" content=\"Information Security - Cybersecurity and risk management en Belgique, Wallonie et Flandre. Programme de s\u00e9curit\u00e9, gestion, Interim Management, CISO as a Service. Emmera expert en s\u00e9curit\u00e9 de l&#039;information (cybers\u00e9curit\u00e9 incluse) depuis plus de 20 ans.\" \/>\n<meta property=\"og:url\" content=\"https:\/\/www.emmera.be\/mra\/index.php\/fr\/security-risk-management-2\/\" \/>\n<meta property=\"og:site_name\" content=\"EMMERA\" \/>\n<meta property=\"article:modified_time\" content=\"2018-05-08T13:06:23+00:00\" \/>\n<meta property=\"og:image\" content=\"http:\/\/www.emmera.be\/mra\/wp-content\/uploads\/2017\/09\/cyberattack-300x157.jpg\" \/>\n<meta name=\"twitter:card\" content=\"summary_large_image\" \/>\n<meta name=\"twitter:label1\" content=\"Estimated reading time\" \/>\n\t<meta name=\"twitter:data1\" content=\"2 minutes\" \/>\n<script type=\"application\/ld+json\" class=\"yoast-schema-graph\">{\"@context\":\"https:\/\/schema.org\",\"@graph\":[{\"@type\":\"WebPage\",\"@id\":\"https:\/\/www.emmera.be\/mra\/index.php\/fr\/security-risk-management-2\/\",\"url\":\"https:\/\/www.emmera.be\/mra\/index.php\/fr\/security-risk-management-2\/\",\"name\":\"Information Security and Risk Management - Cybersecurity\",\"isPartOf\":{\"@id\":\"https:\/\/www.emmera.be\/mra\/#website\"},\"primaryImageOfPage\":{\"@id\":\"https:\/\/www.emmera.be\/mra\/index.php\/fr\/security-risk-management-2\/#primaryimage\"},\"image\":{\"@id\":\"https:\/\/www.emmera.be\/mra\/index.php\/fr\/security-risk-management-2\/#primaryimage\"},\"thumbnailUrl\":\"http:\/\/www.emmera.be\/mra\/wp-content\/uploads\/2017\/09\/cyberattack-300x157.jpg\",\"datePublished\":\"2018-05-08T12:03:27+00:00\",\"dateModified\":\"2018-05-08T13:06:23+00:00\",\"description\":\"Information Security - Cybersecurity and risk management en Belgique, Wallonie et Flandre. Programme de s\u00e9curit\u00e9, gestion, Interim Management, CISO as a Service. Emmera expert en s\u00e9curit\u00e9 de l'information (cybers\u00e9curit\u00e9 incluse) depuis plus de 20 ans.\",\"breadcrumb\":{\"@id\":\"https:\/\/www.emmera.be\/mra\/index.php\/fr\/security-risk-management-2\/#breadcrumb\"},\"inLanguage\":\"en-GB\",\"potentialAction\":[{\"@type\":\"ReadAction\",\"target\":[\"https:\/\/www.emmera.be\/mra\/index.php\/fr\/security-risk-management-2\/\"]}]},{\"@type\":\"ImageObject\",\"inLanguage\":\"en-GB\",\"@id\":\"https:\/\/www.emmera.be\/mra\/index.php\/fr\/security-risk-management-2\/#primaryimage\",\"url\":\"http:\/\/www.emmera.be\/mra\/wp-content\/uploads\/2017\/09\/cyberattack-300x157.jpg\",\"contentUrl\":\"http:\/\/www.emmera.be\/mra\/wp-content\/uploads\/2017\/09\/cyberattack-300x157.jpg\"},{\"@type\":\"BreadcrumbList\",\"@id\":\"https:\/\/www.emmera.be\/mra\/index.php\/fr\/security-risk-management-2\/#breadcrumb\",\"itemListElement\":[{\"@type\":\"ListItem\",\"position\":1,\"name\":\"Home\",\"item\":\"https:\/\/www.emmera.be\/mra\/\"},{\"@type\":\"ListItem\",\"position\":2,\"name\":\"Securit\u00e9 et gestion des risques\"}]},{\"@type\":\"WebSite\",\"@id\":\"https:\/\/www.emmera.be\/mra\/#website\",\"url\":\"https:\/\/www.emmera.be\/mra\/\",\"name\":\"EMMERA\",\"description\":\"Security Risk Data Protection\",\"publisher\":{\"@id\":\"https:\/\/www.emmera.be\/mra\/#organization\"},\"potentialAction\":[{\"@type\":\"SearchAction\",\"target\":{\"@type\":\"EntryPoint\",\"urlTemplate\":\"https:\/\/www.emmera.be\/mra\/?s={search_term_string}\"},\"query-input\":{\"@type\":\"PropertyValueSpecification\",\"valueRequired\":true,\"valueName\":\"search_term_string\"}}],\"inLanguage\":\"en-GB\"},{\"@type\":\"Organization\",\"@id\":\"https:\/\/www.emmera.be\/mra\/#organization\",\"name\":\"Emmera\",\"url\":\"https:\/\/www.emmera.be\/mra\/\",\"logo\":{\"@type\":\"ImageObject\",\"inLanguage\":\"en-GB\",\"@id\":\"https:\/\/www.emmera.be\/mra\/#\/schema\/logo\/image\/\",\"url\":\"https:\/\/www.emmera.be\/mra\/wp-content\/uploads\/2017\/09\/Emmera.png\",\"contentUrl\":\"https:\/\/www.emmera.be\/mra\/wp-content\/uploads\/2017\/09\/Emmera.png\",\"width\":361,\"height\":127,\"caption\":\"Emmera\"},\"image\":{\"@id\":\"https:\/\/www.emmera.be\/mra\/#\/schema\/logo\/image\/\"}}]}<\/script>\n<!-- \/ Yoast SEO plugin. -->","yoast_head_json":{"title":"Information Security and Risk Management - Cybersecurity","description":"Information Security - Cybersecurity and risk management en Belgique, Wallonie et Flandre. Programme de s\u00e9curit\u00e9, gestion, Interim Management, CISO as a Service. Emmera expert en s\u00e9curit\u00e9 de l'information (cybers\u00e9curit\u00e9 incluse) depuis plus de 20 ans.","robots":{"index":"index","follow":"follow","max-snippet":"max-snippet:-1","max-image-preview":"max-image-preview:large","max-video-preview":"max-video-preview:-1"},"canonical":"https:\/\/www.emmera.be\/mra\/index.php\/fr\/security-risk-management-2\/","og_locale":"en_GB","og_type":"article","og_title":"Information Security and Risk Management - Cybersecurity","og_description":"Information Security - Cybersecurity and risk management en Belgique, Wallonie et Flandre. Programme de s\u00e9curit\u00e9, gestion, Interim Management, CISO as a Service. Emmera expert en s\u00e9curit\u00e9 de l'information (cybers\u00e9curit\u00e9 incluse) depuis plus de 20 ans.","og_url":"https:\/\/www.emmera.be\/mra\/index.php\/fr\/security-risk-management-2\/","og_site_name":"EMMERA","article_modified_time":"2018-05-08T13:06:23+00:00","og_image":[{"url":"http:\/\/www.emmera.be\/mra\/wp-content\/uploads\/2017\/09\/cyberattack-300x157.jpg","type":"","width":"","height":""}],"twitter_card":"summary_large_image","twitter_misc":{"Estimated reading time":"2 minutes"},"schema":{"@context":"https:\/\/schema.org","@graph":[{"@type":"WebPage","@id":"https:\/\/www.emmera.be\/mra\/index.php\/fr\/security-risk-management-2\/","url":"https:\/\/www.emmera.be\/mra\/index.php\/fr\/security-risk-management-2\/","name":"Information Security and Risk Management - Cybersecurity","isPartOf":{"@id":"https:\/\/www.emmera.be\/mra\/#website"},"primaryImageOfPage":{"@id":"https:\/\/www.emmera.be\/mra\/index.php\/fr\/security-risk-management-2\/#primaryimage"},"image":{"@id":"https:\/\/www.emmera.be\/mra\/index.php\/fr\/security-risk-management-2\/#primaryimage"},"thumbnailUrl":"http:\/\/www.emmera.be\/mra\/wp-content\/uploads\/2017\/09\/cyberattack-300x157.jpg","datePublished":"2018-05-08T12:03:27+00:00","dateModified":"2018-05-08T13:06:23+00:00","description":"Information Security - Cybersecurity and risk management en Belgique, Wallonie et Flandre. Programme de s\u00e9curit\u00e9, gestion, Interim Management, CISO as a Service. Emmera expert en s\u00e9curit\u00e9 de l'information (cybers\u00e9curit\u00e9 incluse) depuis plus de 20 ans.","breadcrumb":{"@id":"https:\/\/www.emmera.be\/mra\/index.php\/fr\/security-risk-management-2\/#breadcrumb"},"inLanguage":"en-GB","potentialAction":[{"@type":"ReadAction","target":["https:\/\/www.emmera.be\/mra\/index.php\/fr\/security-risk-management-2\/"]}]},{"@type":"ImageObject","inLanguage":"en-GB","@id":"https:\/\/www.emmera.be\/mra\/index.php\/fr\/security-risk-management-2\/#primaryimage","url":"http:\/\/www.emmera.be\/mra\/wp-content\/uploads\/2017\/09\/cyberattack-300x157.jpg","contentUrl":"http:\/\/www.emmera.be\/mra\/wp-content\/uploads\/2017\/09\/cyberattack-300x157.jpg"},{"@type":"BreadcrumbList","@id":"https:\/\/www.emmera.be\/mra\/index.php\/fr\/security-risk-management-2\/#breadcrumb","itemListElement":[{"@type":"ListItem","position":1,"name":"Home","item":"https:\/\/www.emmera.be\/mra\/"},{"@type":"ListItem","position":2,"name":"Securit\u00e9 et gestion des risques"}]},{"@type":"WebSite","@id":"https:\/\/www.emmera.be\/mra\/#website","url":"https:\/\/www.emmera.be\/mra\/","name":"EMMERA","description":"Security Risk Data Protection","publisher":{"@id":"https:\/\/www.emmera.be\/mra\/#organization"},"potentialAction":[{"@type":"SearchAction","target":{"@type":"EntryPoint","urlTemplate":"https:\/\/www.emmera.be\/mra\/?s={search_term_string}"},"query-input":{"@type":"PropertyValueSpecification","valueRequired":true,"valueName":"search_term_string"}}],"inLanguage":"en-GB"},{"@type":"Organization","@id":"https:\/\/www.emmera.be\/mra\/#organization","name":"Emmera","url":"https:\/\/www.emmera.be\/mra\/","logo":{"@type":"ImageObject","inLanguage":"en-GB","@id":"https:\/\/www.emmera.be\/mra\/#\/schema\/logo\/image\/","url":"https:\/\/www.emmera.be\/mra\/wp-content\/uploads\/2017\/09\/Emmera.png","contentUrl":"https:\/\/www.emmera.be\/mra\/wp-content\/uploads\/2017\/09\/Emmera.png","width":361,"height":127,"caption":"Emmera"},"image":{"@id":"https:\/\/www.emmera.be\/mra\/#\/schema\/logo\/image\/"}}]}},"jetpack_sharing_enabled":true,"jetpack_shortlink":"https:\/\/wp.me\/P9bOTr-7I","_links":{"self":[{"href":"https:\/\/www.emmera.be\/mra\/index.php\/wp-json\/wp\/v2\/pages\/478","targetHints":{"allow":["GET"]}}],"collection":[{"href":"https:\/\/www.emmera.be\/mra\/index.php\/wp-json\/wp\/v2\/pages"}],"about":[{"href":"https:\/\/www.emmera.be\/mra\/index.php\/wp-json\/wp\/v2\/types\/page"}],"author":[{"embeddable":true,"href":"https:\/\/www.emmera.be\/mra\/index.php\/wp-json\/wp\/v2\/users\/1"}],"replies":[{"embeddable":true,"href":"https:\/\/www.emmera.be\/mra\/index.php\/wp-json\/wp\/v2\/comments?post=478"}],"version-history":[{"count":7,"href":"https:\/\/www.emmera.be\/mra\/index.php\/wp-json\/wp\/v2\/pages\/478\/revisions"}],"predecessor-version":[{"id":503,"href":"https:\/\/www.emmera.be\/mra\/index.php\/wp-json\/wp\/v2\/pages\/478\/revisions\/503"}],"wp:attachment":[{"href":"https:\/\/www.emmera.be\/mra\/index.php\/wp-json\/wp\/v2\/media?parent=478"}],"curies":[{"name":"wp","href":"https:\/\/api.w.org\/{rel}","templated":true}]}}