{"id":485,"date":"2018-05-08T12:19:20","date_gmt":"2018-05-08T12:19:20","guid":{"rendered":"https:\/\/www.emmera.be\/mra\/?page_id=485"},"modified":"2021-11-16T13:20:17","modified_gmt":"2021-11-16T13:20:17","slug":"service-en-cyber-securite","status":"publish","type":"page","link":"https:\/\/www.emmera.be\/mra\/index.php\/fr\/service-en-cyber-securite\/","title":{"rendered":"A propos"},"content":{"rendered":"<p>Emmera est une entreprise priv\u00e9e, fond\u00e9e en 2000 par Maxime Rapaille, consultant senior en s\u00e9curit\u00e9. Poss\u00e9dant plus de 25 ans d&#8217;exp\u00e9rience, Emmera vous aide \u00e0 faire face \u00e0 toutes vos pr\u00e9occupations en mati\u00e8re de s\u00e9curit\u00e9 et cybers\u00e9curit\u00e9.<\/p>\n<p>OUI, nous pouvons vous aider \u00e0 prot\u00e9ger vos actifs d\u00e8s le d\u00e9but.<\/p>\n<p>Emmera a une approche globale, avec une vue de bout en bout, et un aspect\u00a0 humain accentu\u00e9. En tant que fournisseur ind\u00e9pendant de services de conseil en s\u00e9curit\u00e9, nous ne vendons ni n&#8217;int\u00e9grons\u00a0 de solutions, nous vous aidons \u00e0 trouver les meilleures solutions pour vos besoins.<\/p>\n<p>Notre valeur: la s\u00e9curit\u00e9 est un facilitateur d&#8217;affaires. Nous vous aidons \u00e0 prot\u00e9ger vos biens, votre entreprise, vos informations et votre confidentialit\u00e9.<\/p>\n<p>Nous travaillons avec des sp\u00e9cialistes de confiance dans tous les domaines de la s\u00e9curit\u00e9, de la protection des donn\u00e9es, de la confidentialit\u00e9, de la s\u00e9curit\u00e9 physique, etc.<br \/>\nNotre exp\u00e9rience couvre tout l&#8217;aspect cybern\u00e9tique de votre s\u00e9curit\u00e9.<br \/>\nNous avons aussi un bureau d&#8217;expertise en France pour la conformit\u00e9 RGPD, la cybers\u00e9curit\u00e9 et la protection des donn\u00e9es :<a href=\"https:\/\/protegezvosdonnees.fr\"> Protegezvosdonnees.fr<\/a><\/p>\n<p><img loading=\"lazy\" decoding=\"async\" class=\"alignnone\" src=\"https:\/\/www.emmera.be\/mra\/wp-content\/uploads\/2018\/03\/pcmask.jpg\" alt=\"Cyber s\u00e9curit\u00e9\" width=\"259\" height=\"194\" \/><\/p>\n<p>Emmera vous fournit des services dans les domaines suivants:<br \/>\n&#8211; S\u00e9curit\u00e9 de l&#8217;information et gestion des risques &#8211; Protection de la cybers\u00e9curit\u00e9<br \/>\n&#8211; Protection des donn\u00e9es et vie priv\u00e9e &#8211; Pr\u00e9paration \u00e0 la RGPD<br \/>\n&#8211; Strat\u00e9gie de s\u00e9curit\u00e9<br \/>\n&#8211; Protocole de confidentialit\u00e9 &#8211; Red Team &#8211; Confidentialit\u00e9 en ligne<br \/>\n&#8211; Open Source Intelligence &#8211; V\u00e9rification avant embauche<br \/>\n&#8211; Sensibilisation \u00e0 la s\u00e9curit\u00e9 &#8211; <span style=\"font-size: 1rem;\">Surveillance par cam\u00e9ra, CCTV<\/span><\/p>\n<p>Maxime Rapaille a travaill\u00e9 dans l&#8217;informatique et la s\u00e9curit\u00e9 pendant plus de 25 ans. Il poss\u00e8de une vaste exp\u00e9rience, agissant en tant que CISO ou CSO pour des petites et grandes entreprises, dans diff\u00e9rents secteurs tels que les banques (banques nationales et internationales), les transports publics, les institutions europ\u00e9ennes, les autorit\u00e9s belges, les agences, etc.<br \/>\nPassionn\u00e9 par le c\u00f4t\u00e9 humain de la s\u00e9curit\u00e9 Maxime Rapaille sait que les technologies et les proc\u00e9dures ne seront pas efficaces sans l&#8217;adh\u00e9sion des gens.<\/p>\n<h2><strong>Votre protection n\u00e9cessite une vue \u00e0 360 \u00b0, pas seulement un conseil technique.<\/strong><\/h2>\n<p><img loading=\"lazy\" decoding=\"async\" class=\"alignnone\" src=\"https:\/\/www.emmera.be\/mra\/wp-content\/uploads\/2018\/03\/huma-tech1.jpg\" alt=\"Human And Technology\" width=\"600\" height=\"337\" \/><\/p>\n<p><a href=\"https:\/\/www.emmera.be\/mra\/index.php\/fr\/contactez-nous\/\" target=\"_blank\" rel=\"noopener\">Contactez-nous<\/a> !<\/p>\n","protected":false},"excerpt":{"rendered":"<p>Emmera est une entreprise priv\u00e9e, fond\u00e9e en 2000 par Maxime Rapaille, consultant senior en s\u00e9curit\u00e9. Poss\u00e9dant plus de 25 ans d&#8217;exp\u00e9rience, Emmera vous aide \u00e0 faire face \u00e0 toutes vos pr\u00e9occupations en mati\u00e8re de s\u00e9curit\u00e9 et cybers\u00e9curit\u00e9. OUI, nous pouvons vous aider \u00e0 prot\u00e9ger vos actifs d\u00e8s le d\u00e9but. Emmera a une approche globale, avec &hellip; <\/p>\n<p class=\"link-more\"><a href=\"https:\/\/www.emmera.be\/mra\/index.php\/fr\/service-en-cyber-securite\/\" class=\"more-link\">Continue reading<span class=\"screen-reader-text\"> &#8220;A propos&#8221;<\/span><\/a><\/p>\n","protected":false},"author":1,"featured_media":0,"parent":0,"menu_order":0,"comment_status":"closed","ping_status":"closed","template":"","meta":{"footnotes":""},"class_list":["post-485","page","type-page","status-publish","hentry"],"yoast_head":"<!-- This site is optimized with the Yoast SEO plugin v24.9 - https:\/\/yoast.com\/wordpress\/plugins\/seo\/ -->\n<title>A propos de Emmera - Experts en S\u00e9curit\u00e9, vie priv\u00e9e, et confidentialit\u00e9<\/title>\n<meta name=\"description\" content=\"Emmera est une entreprise sp\u00e9ciialis\u00e9e en S\u00e9curit\u00e9, cybers\u00e9curit\u00e9, CISO as a service et GDPR. Des services s\u00e9curit\u00e9 de qualit\u00e9 sur mesure.\" \/>\n<meta name=\"robots\" content=\"index, follow, max-snippet:-1, max-image-preview:large, max-video-preview:-1\" \/>\n<link rel=\"canonical\" href=\"https:\/\/www.emmera.be\/mra\/index.php\/fr\/service-en-cyber-securite\/\" \/>\n<meta property=\"og:locale\" content=\"en_GB\" \/>\n<meta property=\"og:type\" content=\"article\" \/>\n<meta property=\"og:title\" content=\"A propos de Emmera - Experts en S\u00e9curit\u00e9, vie priv\u00e9e, et confidentialit\u00e9\" \/>\n<meta property=\"og:description\" content=\"Emmera est une entreprise sp\u00e9ciialis\u00e9e en S\u00e9curit\u00e9, cybers\u00e9curit\u00e9, CISO as a service et GDPR. Des services s\u00e9curit\u00e9 de qualit\u00e9 sur mesure.\" \/>\n<meta property=\"og:url\" content=\"https:\/\/www.emmera.be\/mra\/index.php\/fr\/service-en-cyber-securite\/\" \/>\n<meta property=\"og:site_name\" content=\"EMMERA\" \/>\n<meta property=\"article:modified_time\" content=\"2021-11-16T13:20:17+00:00\" \/>\n<meta property=\"og:image\" content=\"https:\/\/www.emmera.be\/mra\/wp-content\/uploads\/2018\/03\/pcmask.jpg\" \/>\n<meta name=\"twitter:card\" content=\"summary_large_image\" \/>\n<meta name=\"twitter:label1\" content=\"Estimated reading time\" \/>\n\t<meta name=\"twitter:data1\" content=\"2 minutes\" \/>\n<script type=\"application\/ld+json\" class=\"yoast-schema-graph\">{\"@context\":\"https:\/\/schema.org\",\"@graph\":[{\"@type\":\"WebPage\",\"@id\":\"https:\/\/www.emmera.be\/mra\/index.php\/fr\/service-en-cyber-securite\/\",\"url\":\"https:\/\/www.emmera.be\/mra\/index.php\/fr\/service-en-cyber-securite\/\",\"name\":\"A propos de Emmera - Experts en S\u00e9curit\u00e9, vie priv\u00e9e, et confidentialit\u00e9\",\"isPartOf\":{\"@id\":\"https:\/\/www.emmera.be\/mra\/#website\"},\"primaryImageOfPage\":{\"@id\":\"https:\/\/www.emmera.be\/mra\/index.php\/fr\/service-en-cyber-securite\/#primaryimage\"},\"image\":{\"@id\":\"https:\/\/www.emmera.be\/mra\/index.php\/fr\/service-en-cyber-securite\/#primaryimage\"},\"thumbnailUrl\":\"https:\/\/www.emmera.be\/mra\/wp-content\/uploads\/2018\/03\/pcmask.jpg\",\"datePublished\":\"2018-05-08T12:19:20+00:00\",\"dateModified\":\"2021-11-16T13:20:17+00:00\",\"description\":\"Emmera est une entreprise sp\u00e9ciialis\u00e9e en S\u00e9curit\u00e9, cybers\u00e9curit\u00e9, CISO as a service et GDPR. Des services s\u00e9curit\u00e9 de qualit\u00e9 sur mesure.\",\"breadcrumb\":{\"@id\":\"https:\/\/www.emmera.be\/mra\/index.php\/fr\/service-en-cyber-securite\/#breadcrumb\"},\"inLanguage\":\"en-GB\",\"potentialAction\":[{\"@type\":\"ReadAction\",\"target\":[\"https:\/\/www.emmera.be\/mra\/index.php\/fr\/service-en-cyber-securite\/\"]}]},{\"@type\":\"ImageObject\",\"inLanguage\":\"en-GB\",\"@id\":\"https:\/\/www.emmera.be\/mra\/index.php\/fr\/service-en-cyber-securite\/#primaryimage\",\"url\":\"https:\/\/www.emmera.be\/mra\/wp-content\/uploads\/2018\/03\/pcmask.jpg\",\"contentUrl\":\"https:\/\/www.emmera.be\/mra\/wp-content\/uploads\/2018\/03\/pcmask.jpg\",\"width\":259,\"height\":194},{\"@type\":\"BreadcrumbList\",\"@id\":\"https:\/\/www.emmera.be\/mra\/index.php\/fr\/service-en-cyber-securite\/#breadcrumb\",\"itemListElement\":[{\"@type\":\"ListItem\",\"position\":1,\"name\":\"Home\",\"item\":\"https:\/\/www.emmera.be\/mra\/\"},{\"@type\":\"ListItem\",\"position\":2,\"name\":\"A propos\"}]},{\"@type\":\"WebSite\",\"@id\":\"https:\/\/www.emmera.be\/mra\/#website\",\"url\":\"https:\/\/www.emmera.be\/mra\/\",\"name\":\"EMMERA\",\"description\":\"Security Risk Data Protection\",\"publisher\":{\"@id\":\"https:\/\/www.emmera.be\/mra\/#organization\"},\"potentialAction\":[{\"@type\":\"SearchAction\",\"target\":{\"@type\":\"EntryPoint\",\"urlTemplate\":\"https:\/\/www.emmera.be\/mra\/?s={search_term_string}\"},\"query-input\":{\"@type\":\"PropertyValueSpecification\",\"valueRequired\":true,\"valueName\":\"search_term_string\"}}],\"inLanguage\":\"en-GB\"},{\"@type\":\"Organization\",\"@id\":\"https:\/\/www.emmera.be\/mra\/#organization\",\"name\":\"Emmera\",\"url\":\"https:\/\/www.emmera.be\/mra\/\",\"logo\":{\"@type\":\"ImageObject\",\"inLanguage\":\"en-GB\",\"@id\":\"https:\/\/www.emmera.be\/mra\/#\/schema\/logo\/image\/\",\"url\":\"https:\/\/www.emmera.be\/mra\/wp-content\/uploads\/2017\/09\/Emmera.png\",\"contentUrl\":\"https:\/\/www.emmera.be\/mra\/wp-content\/uploads\/2017\/09\/Emmera.png\",\"width\":361,\"height\":127,\"caption\":\"Emmera\"},\"image\":{\"@id\":\"https:\/\/www.emmera.be\/mra\/#\/schema\/logo\/image\/\"}}]}<\/script>\n<!-- \/ Yoast SEO plugin. -->","yoast_head_json":{"title":"A propos de Emmera - Experts en S\u00e9curit\u00e9, vie priv\u00e9e, et confidentialit\u00e9","description":"Emmera est une entreprise sp\u00e9ciialis\u00e9e en S\u00e9curit\u00e9, cybers\u00e9curit\u00e9, CISO as a service et GDPR. Des services s\u00e9curit\u00e9 de qualit\u00e9 sur mesure.","robots":{"index":"index","follow":"follow","max-snippet":"max-snippet:-1","max-image-preview":"max-image-preview:large","max-video-preview":"max-video-preview:-1"},"canonical":"https:\/\/www.emmera.be\/mra\/index.php\/fr\/service-en-cyber-securite\/","og_locale":"en_GB","og_type":"article","og_title":"A propos de Emmera - Experts en S\u00e9curit\u00e9, vie priv\u00e9e, et confidentialit\u00e9","og_description":"Emmera est une entreprise sp\u00e9ciialis\u00e9e en S\u00e9curit\u00e9, cybers\u00e9curit\u00e9, CISO as a service et GDPR. Des services s\u00e9curit\u00e9 de qualit\u00e9 sur mesure.","og_url":"https:\/\/www.emmera.be\/mra\/index.php\/fr\/service-en-cyber-securite\/","og_site_name":"EMMERA","article_modified_time":"2021-11-16T13:20:17+00:00","og_image":[{"url":"https:\/\/www.emmera.be\/mra\/wp-content\/uploads\/2018\/03\/pcmask.jpg","type":"","width":"","height":""}],"twitter_card":"summary_large_image","twitter_misc":{"Estimated reading time":"2 minutes"},"schema":{"@context":"https:\/\/schema.org","@graph":[{"@type":"WebPage","@id":"https:\/\/www.emmera.be\/mra\/index.php\/fr\/service-en-cyber-securite\/","url":"https:\/\/www.emmera.be\/mra\/index.php\/fr\/service-en-cyber-securite\/","name":"A propos de Emmera - Experts en S\u00e9curit\u00e9, vie priv\u00e9e, et confidentialit\u00e9","isPartOf":{"@id":"https:\/\/www.emmera.be\/mra\/#website"},"primaryImageOfPage":{"@id":"https:\/\/www.emmera.be\/mra\/index.php\/fr\/service-en-cyber-securite\/#primaryimage"},"image":{"@id":"https:\/\/www.emmera.be\/mra\/index.php\/fr\/service-en-cyber-securite\/#primaryimage"},"thumbnailUrl":"https:\/\/www.emmera.be\/mra\/wp-content\/uploads\/2018\/03\/pcmask.jpg","datePublished":"2018-05-08T12:19:20+00:00","dateModified":"2021-11-16T13:20:17+00:00","description":"Emmera est une entreprise sp\u00e9ciialis\u00e9e en S\u00e9curit\u00e9, cybers\u00e9curit\u00e9, CISO as a service et GDPR. Des services s\u00e9curit\u00e9 de qualit\u00e9 sur mesure.","breadcrumb":{"@id":"https:\/\/www.emmera.be\/mra\/index.php\/fr\/service-en-cyber-securite\/#breadcrumb"},"inLanguage":"en-GB","potentialAction":[{"@type":"ReadAction","target":["https:\/\/www.emmera.be\/mra\/index.php\/fr\/service-en-cyber-securite\/"]}]},{"@type":"ImageObject","inLanguage":"en-GB","@id":"https:\/\/www.emmera.be\/mra\/index.php\/fr\/service-en-cyber-securite\/#primaryimage","url":"https:\/\/www.emmera.be\/mra\/wp-content\/uploads\/2018\/03\/pcmask.jpg","contentUrl":"https:\/\/www.emmera.be\/mra\/wp-content\/uploads\/2018\/03\/pcmask.jpg","width":259,"height":194},{"@type":"BreadcrumbList","@id":"https:\/\/www.emmera.be\/mra\/index.php\/fr\/service-en-cyber-securite\/#breadcrumb","itemListElement":[{"@type":"ListItem","position":1,"name":"Home","item":"https:\/\/www.emmera.be\/mra\/"},{"@type":"ListItem","position":2,"name":"A propos"}]},{"@type":"WebSite","@id":"https:\/\/www.emmera.be\/mra\/#website","url":"https:\/\/www.emmera.be\/mra\/","name":"EMMERA","description":"Security Risk Data Protection","publisher":{"@id":"https:\/\/www.emmera.be\/mra\/#organization"},"potentialAction":[{"@type":"SearchAction","target":{"@type":"EntryPoint","urlTemplate":"https:\/\/www.emmera.be\/mra\/?s={search_term_string}"},"query-input":{"@type":"PropertyValueSpecification","valueRequired":true,"valueName":"search_term_string"}}],"inLanguage":"en-GB"},{"@type":"Organization","@id":"https:\/\/www.emmera.be\/mra\/#organization","name":"Emmera","url":"https:\/\/www.emmera.be\/mra\/","logo":{"@type":"ImageObject","inLanguage":"en-GB","@id":"https:\/\/www.emmera.be\/mra\/#\/schema\/logo\/image\/","url":"https:\/\/www.emmera.be\/mra\/wp-content\/uploads\/2017\/09\/Emmera.png","contentUrl":"https:\/\/www.emmera.be\/mra\/wp-content\/uploads\/2017\/09\/Emmera.png","width":361,"height":127,"caption":"Emmera"},"image":{"@id":"https:\/\/www.emmera.be\/mra\/#\/schema\/logo\/image\/"}}]}},"jetpack_sharing_enabled":true,"jetpack_shortlink":"https:\/\/wp.me\/P9bOTr-7P","_links":{"self":[{"href":"https:\/\/www.emmera.be\/mra\/index.php\/wp-json\/wp\/v2\/pages\/485","targetHints":{"allow":["GET"]}}],"collection":[{"href":"https:\/\/www.emmera.be\/mra\/index.php\/wp-json\/wp\/v2\/pages"}],"about":[{"href":"https:\/\/www.emmera.be\/mra\/index.php\/wp-json\/wp\/v2\/types\/page"}],"author":[{"embeddable":true,"href":"https:\/\/www.emmera.be\/mra\/index.php\/wp-json\/wp\/v2\/users\/1"}],"replies":[{"embeddable":true,"href":"https:\/\/www.emmera.be\/mra\/index.php\/wp-json\/wp\/v2\/comments?post=485"}],"version-history":[{"count":8,"href":"https:\/\/www.emmera.be\/mra\/index.php\/wp-json\/wp\/v2\/pages\/485\/revisions"}],"predecessor-version":[{"id":2753,"href":"https:\/\/www.emmera.be\/mra\/index.php\/wp-json\/wp\/v2\/pages\/485\/revisions\/2753"}],"wp:attachment":[{"href":"https:\/\/www.emmera.be\/mra\/index.php\/wp-json\/wp\/v2\/media?parent=485"}],"curies":[{"name":"wp","href":"https:\/\/api.w.org\/{rel}","templated":true}]}}